{"id":1033,"date":"2018-10-22T12:22:16","date_gmt":"2018-10-22T12:22:16","guid":{"rendered":"http:\/\/concertovaliante.com\/?page_id=1033"},"modified":"2019-10-09T09:46:58","modified_gmt":"2019-10-09T09:46:58","slug":"fundacion","status":"publish","type":"page","link":"https:\/\/www.concertovaliante.com\/?page_id=1033","title":{"rendered":"Fundaci\u00f3n"},"content":{"rendered":"<p><strong>Plan de la Fundaci\u00f3n ConcertoValiante Barok<\/strong><\/p>\n<p><strong>Este plan<\/strong>\u00a0contiene los medios de direcci\u00f3n de la Fundaci\u00f3n ConcertoValiante Barok (en adelante: la fundaci\u00f3n) para dar forma y contenido a su objetivo desde el principio. Pero al menos tanto como establecer objetivos, medios y horarios, los m\u00fasicos, miembros de la fundaci\u00f3n que se dedican a la misma de manera independiente y voluntaria se dejan guiar por sus conocimientos y habilidades de la m\u00fasica y pasi\u00f3n por ella. Para poder emprender este desaf\u00edo, mantener \u00a0el desarrollo y la propagaci\u00f3n de la pasi\u00f3n por la m\u00fasica barroca son sus motivos. De esta manera, adem\u00e1s de la proporci\u00f3n en este plan, el sentimiento en el alma de cada una de las personas y su pasi\u00f3n por la m\u00fasica juegan un papel muy importante.<\/p>\n<p><strong>Introducci\u00f3n<\/strong><\/p>\n<p>La fundaci\u00f3n se fund\u00f3 el 26 de septiembre de 2018 y est\u00e1 registrada en la C\u00e1mara de Comercio con el n\u00famero 72689730 \/ RSIN: 859199162.\u00a0 El nombre de la fundaci\u00f3n est\u00e1 a cargo del director art\u00edstico y presidente de la fundaci\u00f3n Leonardo Gabriel Valiante, clavecinista-pianista residente en La Haya.<\/p>\n<p>La fundaci\u00f3n desea introducir una audiencia lo m\u00e1s amplia posible a la m\u00fasica barroca y tambi\u00e9n tiene como objetivo dar a los compositores relativamente desconocidos del per\u00edodo barroco y sus obras al p\u00fablico y darles m\u00e1s nombre y trascendencia. En la continuaci\u00f3n de este plan, este objetivo general ser\u00e1 m\u00e1s detallado.<\/p>\n<p>La fundaci\u00f3n fue recientemente establecida. Por lo tanto, este plan de pol\u00edtica no tiene versiones anteriores, sobre las cuales el mismo podr\u00eda desarrollarse a\u00fan m\u00e1s o sobre la base de la cual podr\u00eda llevarse a cabo una evaluaci\u00f3n de la pol\u00edtica ya realizada. Ya posee algunos a\u00f1os de experiencia dando conciertos. Ahora el objetivo es realizar en potencia el objetivo de la m\u00fasica barroca por medio de una organizaci\u00f3n m\u00e1s estructurada y un enfoque sistem\u00e1tico, para garantizar una mayor continuidad y lograr una profundizaci\u00f3n e intensificaci\u00f3n de la calidad en las presentaciones.<\/p>\n<p>El plan cubre un corto y mediano plazo de tres a\u00f1os, es decir, hasta el 2021 inclusive.<\/p>\n<p><strong>Objetivo<\/strong><\/p>\n<p>El objetivo central de la fundaci\u00f3n es la m\u00fasica barroca para un p\u00fablico m\u00e1s amplio y (m\u00e1s) reconocimiento para los compositores barrocos desconocidos y sus obras. Por este motivo, el miembro de la junta directiva James Hewitt est\u00e1 fuertemente capacitado por la investigaci\u00f3n exhaustiva de los compositores barrocos y su entusiasmo por la producci\u00f3n de las obras, en colaboraci\u00f3n con el clavecinista uruguayo Leonardo Valiante. Nos centramos en los conocedores y amantes de la m\u00fasica cl\u00e1sica, pero tambi\u00e9n intentamos llegar y motivar a todas las personas que relativamente desconocen este estilo. La capacitaci\u00f3n aportada por j\u00f3venes m\u00fasicos quienes est\u00e1n dispuestos a invertir en el objetivo de la fundaci\u00f3n es un rol fundamental. Los artistas int\u00e9rpretes o ejecutantes estables trabajan junto con los estudiantes del Conservatorio Real de La Haya, con el objetivo de lograr el desempe\u00f1o de equipo. De esta manera, diferentes culturas y or\u00edgenes se ponen en contacto rec\u00edprocamente.\u00a0<span id=\"result_box\" class=\"\" lang=\"es\"><span class=\"\">Los conciertos de 2019 se mencionan en la agenda de conciertos de la web.<\/span><\/span><\/p>\n<p><strong>Visi\u00f3n<\/strong><\/p>\n<p>Calidad, j\u00f3venes m\u00fasicos talentosos, m\u00fasica barroca que a\u00fan se desconoce, son condiciones fundamentales para el objetivo principal. Hay mucha atenci\u00f3n para motivar a los m\u00fasicos participantes. Se est\u00e1 realizando una investigaci\u00f3n exhaustiva de los compositores, el tiempo en el que vivieron y sus antecedentes con el objetivo de crear el ambiente adecuado en las presentaciones.<\/p>\n<p>Ser\u00eda bueno si el conjunto barroco finalmente adquiriera alg\u00fan nombre y reputaci\u00f3n, en la regi\u00f3n y quiz\u00e1s a nivel nacional europeo. La mejora continua de la calidad tiene un efecto positivo en los m\u00fasicos individuales. Esta interacci\u00f3n y los efectos resultantes del objetivo central pueden contribuir a la implementaci\u00f3n a largo plazo tambi\u00e9n a trav\u00e9s de contactos.<\/p>\n<p><span id=\"result_box\" class=\"\" lang=\"es\"><strong>Organizaci\u00f3n y miembros del consejo.<\/strong><\/span><\/p>\n<p><span class=\"\">La Fundaci\u00f3n ConcertoValiante Barok se fund\u00f3 el 26 de septiembre de 2018 y est\u00e1 registrada en la C\u00e1mara de Comercio con el n\u00famero 72689730 \/ RSIN: 859199162.<\/span><\/p>\n<p><strong>Presidente<\/strong>:\u00a0Leonardo Gabriel Valiante, klavecinist,\u00a0wonende te:\u00a0Den Haag<\/p>\n<p><strong>Secretaria<\/strong>:\u00a0Petronella Gerarda Maria Straatjes \u2013 van den Bosch,\u00a0wonende te:\u00a0Den Haag<\/p>\n<p><strong>Tesorero<\/strong>:\u00a0Robert Peter Straatjes, wonende te\u00a0Den Haag<\/p>\n<p><strong>miembro de la junta general<\/strong>:\u00a0James Hewitt, violist, wonende te\u00a0Voorburg<\/p>\n<p>La fundaci\u00f3n fue recientemente establecida. El memorando de asociaci\u00f3n contiene los art\u00edculos de la asociaci\u00f3n, los datos personales de los miembros de la junta con sus cargos y la direcci\u00f3n de la fundaci\u00f3n. Se puede contactar con la fundaci\u00f3n a trav\u00e9s de la secretaria se\u00f1ora. Nelly Straatjes, Hoogkarspelstraat 137, 2547LL La Haya. La direcci\u00f3n de correo electr\u00f3nico es\u00a0<a href=\"mailto:ronestra@ziggo.nl\">ronestra@ziggo.nl<\/a>. Accesibilidad telef\u00f3nica bajo el n\u00famero de tel\u00e9fono 06 23867050.<\/p>\n<p><strong>Finanzas<\/strong><\/p>\n<p>La fundaci\u00f3n intenta trabajar con costos m\u00ednimos. La tarifa de cachets para los m\u00fasicos depende del alcance financiero que est\u00e9 disponible. Gracias al apoyo de los voluntarios, los costos tambi\u00e9n se mantienen bajos.<\/p>\n<p>Los ingresos se generan a trav\u00e9s de entradas, donaciones y subsidios. Tambi\u00e9n intentaremos estimular a los patrocinadores para que impulsen y brinden un sost\u00e9n financiero para la meta de la fundaci\u00f3n.<\/p>\n<p><span id=\"result_box\" class=\"\" lang=\"es\"><strong>Gastos de reembolso<\/strong><\/span><\/p>\n<p><span class=\"\">Los directores o miembros de la Fundaci\u00f3n solo reciben compensaci\u00f3n por los gastos incurridos.<\/span> <span class=\"\">Los costos incurridos son costos que los miembros de la junta tienen razonablemente debido a su posici\u00f3n en la Fundaci\u00f3n.<\/span><\/p>\n<p><span id=\"result_box\" class=\"\" lang=\"es\"><strong>Apoyo financiero:<\/strong><\/span><\/p>\n<p>Nuestra fundaci\u00f3n ha recibido el llamado estado ANBI del gobierno central. Esta abreviatura significa Algemeen Nut Beogende Instelling. Para la Fundaci\u00f3n ConcertoValiante Baroque se trata de ser considerado un ANBI cultural. (Para obtener m\u00e1s informaci\u00f3n, consulte el sitio web de las autoridades fiscales: https:\/\/anbi.nl\/).<\/p>\n<p>Esto significa que las donaciones financieras ofrecen el beneficio fiscal de donante en relaci\u00f3n con la deducci\u00f3n de obsequios.<\/p>\n<p><strong>Para finalizar<\/strong><\/p>\n<p>Fundadores, miembros de la fundaci\u00f3n, m\u00fasicos, voluntarios, todos los involucrados en la Fundaci\u00f3n ConcertoValiante Barok, desean lograr que con su pasi\u00f3n y dedicaci\u00f3n cada concierto sea una \u00fanica experiencia musical. Esperan que algo nuevo nazca con su descubrimiento en el campo de la m\u00fasica barroca.<\/p>\n<p><a href=\"https:\/\/anbi.nl\/\">https:\/\/anbi.nl\/<\/a><\/p>\n","protected":false},"excerpt":{"rendered":"<p>Plan de la Fundaci\u00f3n ConcertoValiante Barok Este plan\u00a0contiene los medios de direcci\u00f3n de la Fundaci\u00f3n ConcertoValiante Barok (en adelante: la fundaci\u00f3n) para dar forma y contenido a su objetivo desde el principio. Pero al menos tanto como establecer objetivos, medios y horarios, los m\u00fasicos, miembros de la fundaci\u00f3n que se dedican a la misma de manera independiente y voluntaria se dejan guiar por sus conocimientos y habilidades de la m\u00fasica y pasi\u00f3n por ella. Para poder emprender este desaf\u00edo, mantener \u00a0el desarrollo y la propagaci\u00f3n de la pasi\u00f3n por la m\u00fasica barroca son sus motivos. De esta manera, adem\u00e1s de la proporci\u00f3n en este plan, el sentimiento en el alma de cada una de las personas y su pasi\u00f3n por la m\u00fasica juegan un papel muy importante. Introducci\u00f3n La fundaci\u00f3n se fund\u00f3 el 26 de septiembre de 2018 y est\u00e1 registrada en la C\u00e1mara de Comercio con el n\u00famero 72689730 \/ RSIN: 859199162.\u00a0 El nombre de la fundaci\u00f3n est\u00e1 a cargo del director art\u00edstico y presidente de la fundaci\u00f3n Leonardo Gabriel Valiante, clavecinista-pianista residente en La Haya. La fundaci\u00f3n desea introducir una audiencia lo m\u00e1s amplia posible a la m\u00fasica barroca y tambi\u00e9n tiene como objetivo dar a los compositores relativamente desconocidos del per\u00edodo barroco y sus obras al p\u00fablico y darles m\u00e1s nombre y trascendencia. En la continuaci\u00f3n de este plan, este objetivo general ser\u00e1 m\u00e1s detallado. La fundaci\u00f3n fue recientemente establecida. Por lo tanto, este plan de pol\u00edtica no tiene versiones anteriores, sobre las cuales el mismo podr\u00eda desarrollarse a\u00fan m\u00e1s o sobre la base de la cual podr\u00eda llevarse a cabo una evaluaci\u00f3n de la pol\u00edtica ya realizada. Ya posee algunos a\u00f1os de experiencia dando conciertos. Ahora el objetivo es realizar en potencia el objetivo de la m\u00fasica barroca por medio de una organizaci\u00f3n m\u00e1s estructurada y&#8230;<\/p>\n","protected":false},"author":1,"featured_media":0,"parent":0,"menu_order":0,"comment_status":"closed","ping_status":"closed","template":"","meta":{"footnotes":""},"class_list":["post-1033","page","type-page","status-publish","hentry"],"_links":{"self":[{"href":"https:\/\/www.concertovaliante.com\/index.php?rest_route=\/wp\/v2\/pages\/1033","targetHints":{"allow":["GET"]}}],"collection":[{"href":"https:\/\/www.concertovaliante.com\/index.php?rest_route=\/wp\/v2\/pages"}],"about":[{"href":"https:\/\/www.concertovaliante.com\/index.php?rest_route=\/wp\/v2\/types\/page"}],"author":[{"embeddable":true,"href":"https:\/\/www.concertovaliante.com\/index.php?rest_route=\/wp\/v2\/users\/1"}],"replies":[{"embeddable":true,"href":"https:\/\/www.concertovaliante.com\/index.php?rest_route=%2Fwp%2Fv2%2Fcomments&post=1033"}],"version-history":[{"count":12,"href":"https:\/\/www.concertovaliante.com\/index.php?rest_route=\/wp\/v2\/pages\/1033\/revisions"}],"predecessor-version":[{"id":1127,"href":"https:\/\/www.concertovaliante.com\/index.php?rest_route=\/wp\/v2\/pages\/1033\/revisions\/1127"}],"wp:attachment":[{"href":"https:\/\/www.concertovaliante.com\/index.php?rest_route=%2Fwp%2Fv2%2Fmedia&parent=1033"}],"curies":[{"name":"wp","href":"https:\/\/api.w.org\/{rel}","templated":true}]}}