{"id":63,"date":"2014-04-16T08:47:45","date_gmt":"2014-04-16T08:47:45","guid":{"rendered":"http:\/\/concertovaliante.com\/?page_id=63"},"modified":"2020-07-18T12:09:41","modified_gmt":"2020-07-18T12:09:41","slug":"leonardo-valiante","status":"publish","type":"page","link":"https:\/\/www.concertovaliante.com\/?page_id=63","title":{"rendered":"Leonardo Valiante"},"content":{"rendered":"<p>El Barroco es una pasi\u00f3n y forma parte de mi vida<\/p>\n<p><img loading=\"lazy\" decoding=\"async\" class=\"alignnone size-medium wp-image-40\" src=\"https:\/\/www.concertovaliante.com\/wp-content\/uploads\/2014\/04\/Leonardo01.1-200x300.jpg\" alt=\"Leonardo\" width=\"200\" height=\"300\" \/><\/p>\n<p>A la edad de 8 a\u00f1os escuch\u00e9 los fuegos artificiales de H\u00e4ndel y un concierto para piano de Mozart y eso me dio mucha energ\u00eda positiva y atrajo mi curiosidad a lo profundo de la m\u00fasica. ME form\u00e9 como profesor de canto en la escuela 265 Mvdeo. y estudi\u00e9 clave con Eduardo Gilardoni y armon\u00eda con Carlos Levin. Cuando ten\u00eda 23 a\u00f1os, vine a los Pa\u00edses Bajos a especializarme en la m\u00fasica barroca y estudi\u00e9 clave con el maestro Jacques Ogg, en el Conservatorio Real de la Haya y con Annelie de Man en el Conservatorio de Amsterdam. La m\u00fasica barroca me conmovi\u00f3 por sus sonidos sutiles y decid\u00ed seguir adelante en este estilo.<\/p>\n<p>Desde mi graduaci\u00f3n he estado trabajando en el repertorio de \u00f3pera con excelentes cantantes del conservatorio. En 2015 se represent\u00f3 la \u00f3pera Rodelinda de H\u00e4ndel, en la cual tuve el placer de trabajar junto al director de escena Jos\u00e9 Luis Pi\u00f1\u00f3n.<\/p>\n<p>La \u00f3pera me ha abierto una puerta, la cual provoc\u00f3 un cambio en mi carrera. El apoyo de mi familia, amigos y conocidos es de vital importancia.<\/p>\n<p>Soy consciente de vivir positivamente rodeado de la m\u00fasica barroca y me parece muy bien haber trabajado con artistas tan talentosos durante mis estudios en los Conservatorios, con el fin de buscar un nuevo repertorio y ofrecer conciertos.<\/p>\n<p>Mi objetivo es motivar a los j\u00f3venes m\u00fasicos y permitirles disfrutar y sentir el barroco a trav\u00e9s del conocimiento y la pasi\u00f3n.<\/p>\n<p>Estoy trabajando con responsabilidad, creando nuevas interpretaciones de las obras de los compositores. Adem\u00e1s, estoy realizando una investigaci\u00f3n intensiva de los compositores poco conocidos y manteniendo una agenda activa de actuaciones tanto en los Pa\u00edses Bajos como Uruguay. Estoy trabajando felizmente en equipo con la coordinadora Nelly Straatjes quien me apoya en la planificaci\u00f3n y en la b\u00fasqueda de fondos para financiar proyectos.<\/p>\n<p>El nombre de la empresa ConcertoValiante se est\u00e1 dando a conocer dentro y fuera de los Pa\u00edses Bajos.<\/p>\n<p>Leonardo Valiante<\/p>\n<p>&nbsp;<\/p>\n<p>Leonardo Valiante nacido en Montevideo. Se form\u00f3 en la escuela de iniciaci\u00f3n musical Virgilio Scarabelli, posteriormente en el Conservatorio Falleri-Balzo y realiz\u00f3 postgrado de piano con la Mtra. Nelly Langone de Tr\u00f3ccoli. En1983 comienza a estudiar clave con Eduardo Gilardoni y armon\u00eda con Carlos Levin. Se perfecciona con Jos\u00e9 Gonz\u00e1lez Uriol, Rosana Lanzelote e Yves Rechtsteiner. Fue clasificado en categor\u00eda A en Juventudes Musicales y toc\u00f3 con la OSSODRE dirigida por Roberto Montenegro. En 1996 ingresa al Conservatorio Real de la Haya estudiando clave con Jacques Ogg y clave moderno con Annelie De Man en el Conservatorio de Amsterdam donde obtuvo el profesorado en m\u00fasica de c\u00e1mara. Contin\u00faa perfeccion\u00e1ndose con Christoph Rousset. Actu\u00f3 con la Orquesta Sinf\u00f3nica del norte de Holanda dirigida por Eric Klas en Utrecht.<\/p>\n<p>Desde el a\u00f1o 1999 acompa\u00f1a como pianista al coro VocAnimo, Nuova Voce y Vlijt en Volharding. Actualmente ejerce su profesi\u00f3n en Voorburg y Warmond. En el 2007 junto a la flautista Margarita Gonz\u00e1lez y el fagotista Gabriel Pereira, Valiante brind\u00f3 un recital en la capilla de las hermanas alemanas en Montevideo y en el 2009 intervino en el oratorio de Navidad de J.S.Bach con el coro Zuid Holland bajo la direcci\u00f3n de Harry Over. Tamb\u00eden acompa\u00f1\u00f3 en clave al coro Eijgenwijs a cargo de Joke Geraets. En el 2012 dirigi\u00f3 la \u00f3pera Orlando de Haendel junto a un ensemble barroco del Conservatorio de la Haya y un elenco de cantantes entre los cuales intervino el contratenor salte\u00f1o Leandro Marziotte.<\/p>\n<p>09 De marzo de 2013, realiz\u00f3 un concierto en la capilla de Emma\u00fas con un conjunto y el 11 de mayo de 2013, dirigi\u00f3 y acompa\u00f1\u00f3 la \u00f3pera Orlando de Haendel en la vieja iglesia de Naaldwijk.<br \/>\nEl 03 de noviembre de 2013 dirigi\u00f3 y acompa\u00f1\u00f3 con las piezas del conjunto barroco de \u00f3pera Rodelinda de Haendel en el Emmauschurch en la haya. Solistas Charlotte Munnik, soprano, Mattias Pavlous y Jean-Sebastien Beauvais, contratenores.<\/p>\n<p>En abril 2014 ejecut\u00f3 un concierto de c\u00e1mara junto al conjunto barroco y traverso mejicano Roberto Bando en la iglesia Houtrust de La Haya y en junio del mismo a\u00f1o ejecut\u00f3 el oratorio La Creaci\u00f3n de J. Haydn junto a la orquesta Leiderdorp bajo la direcci\u00f3n de Martin van der Brugge en la Westerkerk, Amsterdam.<\/p>\n<p>En octubre dirigi\u00f3 la \u00f3pera Rodelinda en cuyo elenco intervenieron los solistas, soprano Charlotte Munnik, mezzo Victoria Cassano, contratenores Mattias Pavlous, J.Sebastien Beauvais, tenor Niels Berentsen , bar\u00edtono Jo\u00e3o Paix\u00e3o y el conjunto barroco en las iglesias Houtrust y del Nuestro Salvador de la Haya. En febrero y marzo 2015 ejecut\u00f3 dos conciertos de c\u00e1mara junto al conjunto barroco y el contratenor Mattias Pavlous en el museo de Antig\u00fcedades, en Leiden y el castillo de Oud- Poelgeest , Oegstgeest. En octubre dirigi\u00f3 la \u00f3pera Ottone de H\u00e4ndel junto al conjunto barroco y el elenco de solistas: soprano Mariana Pimenta, mezzosoprano Rut Codina Palacio, contratenor Mattias Pavlous en la iglesia Emmaus, La Haya. En noviembre ejecut\u00f3 la \u00f3pera Dido y Aeneas de H. Purcell junto a los solistas: soprano Michelle Malinger, Frederique Klooster y Marijn Zwitserlood bajo la direcci\u00f3n de Coen Honig.<\/p>\n<p>&nbsp;<\/p>\n<p><strong>Barroco es la pasi\u00f3n latente de cada d\u00eda&#8230;.<\/strong><br \/>\nA los 8 a\u00f1os, escuch\u00e9 los fuegos artificiales de G. F. Handel y el concierto nr. 23 para piano de Mozart y eso me ha transmitido una gran emoci\u00f3n positiva y curiosidad. A los 23 llegu\u00e9 a Holanda y me he enfocado en el estudio del barroco, en el Conservatorio Real de La Haya, donde me gradu\u00e9 con Jacques Ogg y en repertorio moderno con Annelie de Man en el Conservatorio de Amsterdam. En realidad he hecho una serie de proyectos en el repertorio barroco y moderno, pero el estilo barroco me ha atra\u00eddo a\u00fan mas dado su pureza y nitidez sonora.<\/p>\n<p>As\u00ed que he desarrollado mas en profundidad la \u00f3pera barroca, en parte debido a la excelente maestr\u00eda vocal en el Conservatorio Real.<br \/>\nAhora estoy trabajando con el canto barroco, m\u00fasica de c\u00e1mara, en colaboraci\u00f3n con el contratenor Mattias Pavlous, la soprano Mariana Pimenta y mezzo Rut Codina Palacio en la \u00f3pera Ottone.<br \/>\nLa \u00f3pera me ha abierto una puerta, tiene un enorme significado en mi carrera y seguir\u00e1 creciendo como una de mis pasiones latentes.<br \/>\nSoy consciente de estar rodeado de m\u00fasica barroca y me encanta trabajar con m\u00fasicos de una excelente talla y talento. \u201cLa m\u00fasica me enriquece y me fortalece\u201d<\/p>\n<p>Mi objetivo es motivar a los j\u00f3venes m\u00fasicos y para hacerles disfrutar la m\u00fasica barroca y sentir la energ\u00eda que emerge de la misma para formar un equipo y amalgar los sentidos y proyectar las ideas usando una sutil ret\u00f3rica en este fascinante estilo.<\/p>\n<p>Es un muy serio trabajo y creamos nuevas interpretaciones con un equipo de trabajo motivador a trav\u00e9s de una intensa investigaci\u00f3n de los compositores europeos y Sudam\u00e9ricanos. Estamos proyectando junto a mi equipo nuestras ideas en la \u00f3pera barroca y tratando de educar a todas las instituciones p\u00fablico y\/o privadas en los Pa\u00edses Bajos, Europa y Uruguay. Nuestro nombre de la empresa ConcertoValiante puede recibir bajo este lema, nombre y popularidad desde los Pa\u00edses Bajos hacia el exterior, estamos contentos<span id=\"result_box\" lang=\"es\">\u00a0en el trabajo y tener una motivaci\u00f3n muy inspirador y energ\u00eda dada tambi\u00e9n por el coordinador Nelly Straatjes.<\/span><\/p>\n<p>ConciertoValiante est\u00e1 respaldado por la colaboraci\u00f3n del Embajador de Uruguay dr. Alvaro Moerzinger, en los Pa\u00edses Bajos.<\/p>\n<p>Leonardo Valiante, clavecinista director<\/p>\n","protected":false},"excerpt":{"rendered":"<p>El Barroco es una pasi\u00f3n y forma parte de mi vida A la edad de 8 a\u00f1os escuch\u00e9 los fuegos artificiales de H\u00e4ndel y un concierto para piano de Mozart y eso me dio mucha energ\u00eda positiva y atrajo mi curiosidad a lo profundo de la m\u00fasica. ME form\u00e9 como profesor de canto en la escuela 265 Mvdeo. y estudi\u00e9 clave con Eduardo Gilardoni y armon\u00eda con Carlos Levin. Cuando ten\u00eda 23 a\u00f1os, vine a los Pa\u00edses Bajos a especializarme en la m\u00fasica barroca y estudi\u00e9 clave con el maestro Jacques Ogg, en el Conservatorio Real de la Haya y con Annelie de Man en el Conservatorio de Amsterdam. La m\u00fasica barroca me conmovi\u00f3 por sus sonidos sutiles y decid\u00ed seguir adelante en este estilo. Desde mi graduaci\u00f3n he estado trabajando en el repertorio de \u00f3pera con excelentes cantantes del conservatorio. En 2015 se represent\u00f3 la \u00f3pera Rodelinda de H\u00e4ndel, en la cual tuve el placer de trabajar junto al director de escena Jos\u00e9 Luis Pi\u00f1\u00f3n. La \u00f3pera me ha abierto una puerta, la cual provoc\u00f3 un cambio en mi carrera. El apoyo de mi familia, amigos y conocidos es de vital importancia. Soy consciente de vivir positivamente rodeado de la m\u00fasica barroca y me parece muy bien haber trabajado con artistas tan talentosos durante mis estudios en los Conservatorios, con el fin de buscar un nuevo repertorio y ofrecer conciertos. Mi objetivo es motivar a los j\u00f3venes m\u00fasicos y permitirles disfrutar y sentir el barroco a trav\u00e9s del conocimiento y la pasi\u00f3n. Estoy trabajando con responsabilidad, creando nuevas interpretaciones de las obras de los compositores. Adem\u00e1s, estoy realizando una investigaci\u00f3n intensiva de los compositores poco conocidos y manteniendo una agenda activa de actuaciones tanto en los Pa\u00edses Bajos como Uruguay. Estoy trabajando felizmente en equipo con la coordinadora Nelly&#8230;<\/p>\n","protected":false},"author":1,"featured_media":0,"parent":0,"menu_order":0,"comment_status":"closed","ping_status":"closed","template":"","meta":{"footnotes":""},"class_list":["post-63","page","type-page","status-publish","hentry"],"_links":{"self":[{"href":"https:\/\/www.concertovaliante.com\/index.php?rest_route=\/wp\/v2\/pages\/63","targetHints":{"allow":["GET"]}}],"collection":[{"href":"https:\/\/www.concertovaliante.com\/index.php?rest_route=\/wp\/v2\/pages"}],"about":[{"href":"https:\/\/www.concertovaliante.com\/index.php?rest_route=\/wp\/v2\/types\/page"}],"author":[{"embeddable":true,"href":"https:\/\/www.concertovaliante.com\/index.php?rest_route=\/wp\/v2\/users\/1"}],"replies":[{"embeddable":true,"href":"https:\/\/www.concertovaliante.com\/index.php?rest_route=%2Fwp%2Fv2%2Fcomments&post=63"}],"version-history":[{"count":7,"href":"https:\/\/www.concertovaliante.com\/index.php?rest_route=\/wp\/v2\/pages\/63\/revisions"}],"predecessor-version":[{"id":1203,"href":"https:\/\/www.concertovaliante.com\/index.php?rest_route=\/wp\/v2\/pages\/63\/revisions\/1203"}],"wp:attachment":[{"href":"https:\/\/www.concertovaliante.com\/index.php?rest_route=%2Fwp%2Fv2%2Fmedia&parent=63"}],"curies":[{"name":"wp","href":"https:\/\/api.w.org\/{rel}","templated":true}]}}