{"id":80,"date":"2014-04-16T09:52:46","date_gmt":"2014-04-16T09:52:46","guid":{"rendered":"http:\/\/concertovaliante.com\/?page_id=80"},"modified":"2024-02-07T09:54:46","modified_gmt":"2024-02-07T09:54:46","slug":"contacto","status":"publish","type":"page","link":"https:\/\/www.concertovaliante.com\/?page_id=80","title":{"rendered":"Contacto"},"content":{"rendered":"<p>Leonardo Valiante &#8211; klavecinist \u2013 pianist<br \/>\nDocent \u2013 musicus \u2013\u00a0<span id=\"result_box\" class=\"\" lang=\"es\">coros <span class=\"\">de supervisor<\/span><\/span><\/p>\n<p><span id=\"result_box\" class=\"\" lang=\"es\">activo en la <span class=\"\">m\u00fasica de c\u00e1mara y<\/span> <span class=\"\">\u00f3pera barroca\u00a0 \u00a0 \u00a0 \u00a0 \u00a0 \u00a0 \u00a0 \u00a0 \u00a0 \u00a0 \u00a0 \u00a0<\/span><\/span><\/p>\n<p>tel.: 06-21564801<br \/>\ne-mail: <a href=\"mailto:concertovaliante@ziggo.nl\">concertovaliante@ziggo.nl<\/a><\/p>\n<p><img loading=\"lazy\" decoding=\"async\" class=\"alignnone size-medium wp-image-192\" src=\"https:\/\/www.concertovaliante.com\/wp-content\/uploads\/2014\/04\/DSCF4247-300x225.jpg\" alt=\"DSCF4247\" width=\"300\" height=\"225\" srcset=\"https:\/\/www.concertovaliante.com\/wp-content\/uploads\/2014\/04\/DSCF4247-300x225.jpg 300w, https:\/\/www.concertovaliante.com\/wp-content\/uploads\/2014\/04\/DSCF4247-1024x768.jpg 1024w, https:\/\/www.concertovaliante.com\/wp-content\/uploads\/2014\/04\/DSCF4247-980x735.jpg 980w\" sizes=\"auto, (max-width: 300px) 100vw, 300px\" \/><\/p>\n<p>P<span id=\"result_box\" class=\"short_text\" lang=\"es\">ara\u00a0<span class=\"\">pedir las entradas:\u00a0\u00a0<\/span><\/span><\/p>\n<p><span id=\"result_box\" class=\"short_text\" lang=\"es\"><span class=\"\"><a href=\"mailto:concertovaliante@ziggo.nl\">concertovaliante@ziggo.nl<\/a> y 06-23867050\u00a0<span class=\"VIiyi\" lang=\"es\"><span class=\"JLqJ4b ChMk0b\" data-language-for-alternatives=\"es\" data-language-to-translate-into=\"nl\" data-phrase-index=\"0\">La tarifa de entrada por concierto se puede transferir a la cuenta no.<\/span> <span class=\"JLqJ4b ChMk0b\" data-language-for-alternatives=\"es\" data-language-to-translate-into=\"nl\" data-phrase-index=\"1\">NL83INGB0008649859 a nombre de la Fundaci\u00f3n ConcertoValiante Barok<\/span><\/span><\/span><\/span><\/p>\n<p>Nelly Straatjes<br \/>\ncoordinadora<br \/>\ntel.: 06-23867050<br \/>\ne-mail: <a href=\"mailto:concertovaliante@ziggo.nl\">concertovaliante@ziggo.nl<\/a><\/p>\n<p><img loading=\"lazy\" decoding=\"async\" class=\"alignnone size-medium wp-image-224\" src=\"https:\/\/www.concertovaliante.com\/wp-content\/uploads\/2014\/04\/Foto30-200x300.jpg\" alt=\"Foto30\" width=\"200\" height=\"300\" srcset=\"https:\/\/www.concertovaliante.com\/wp-content\/uploads\/2014\/04\/Foto30-200x300.jpg 200w, https:\/\/www.concertovaliante.com\/wp-content\/uploads\/2014\/04\/Foto30-682x1024.jpg 682w, https:\/\/www.concertovaliante.com\/wp-content\/uploads\/2014\/04\/Foto30-980x1470.jpg 980w\" sizes=\"auto, (max-width: 200px) 100vw, 200px\" \/><\/p>\n<p><span id=\"result_box\" class=\"\" lang=\"es\"><strong>Organizaci\u00f3n y miembros:<\/strong><\/span><\/p>\n<p><span class=\"\">La Fundaci\u00f3n ConcertoValiante Barok se fund\u00f3 el 26 de septiembre de 2018 y est\u00e1 registrada en la C\u00e1mara de Comercio con el n\u00famero 72689730 \/ RSIN: 859199162.\u00a0 \u00a0<a href=\"https:\/\/anbi.nl\/\">https:\/\/anbi.nl\/<\/a><\/span><\/p>\n<p><strong>Presidente \/\u00a0<\/strong><strong>Secretaria<\/strong>:\u00a0Petronella Gerarda Maria Straatjes \u2013 van den Bosch,\u00a0wonende te Den Haag<\/p>\n<p><strong>Tesorero<\/strong>:\u00a0 \u00a0 \u00a0 \u00a0 \u00a0 \u00a0 \u00a0 \u00a0 \u00a0 \u00a0 \u00a0 \u00a0 \u00a0 \u00a0 \u00a0 Robertus Johannes Gijsbertus Veltman wonende te Den Haag<\/p>\n<p><strong>miembros<\/strong>:\u00a0 \u00a0 \u00a0 \u00a0 \u00a0 \u00a0 \u00a0 \u00a0 \u00a0 \u00a0 \u00a0 \u00a0 \u00a0 \u00a0\u00a0Yuichi Sakai Lelieveld, wonende te Den Haag<\/p>\n<p>&nbsp;<\/p>\n<p>La fundaci\u00f3n fue recientemente establecida. El memorando de asociaci\u00f3n contiene los art\u00edculos de la asociaci\u00f3n, los datos personales de los miembros con sus cargos y la direcci\u00f3n de la fundaci\u00f3n. Se puede contactar con la fundaci\u00f3n a trav\u00e9s de la secretaria Se\u00f1ora Nelly Straatjes, Hoogkarspelstraat 137, 2547LL La Haya. La direcci\u00f3n de correo electr\u00f3nico es\u00a0<a href=\"mailto:ronestra@ziggo.nl\">ronestra@ziggo.nl<\/a>. Accesibilidad telef\u00f3nica bajo el n\u00famero de tel\u00e9fono 06 23867050.<\/p>\n<p><strong>Finanzas<\/strong><\/p>\n<p>La fundaci\u00f3n intenta trabajar con costos m\u00ednimos. La tarifa de cachets para los m\u00fasicos depende del alcance financiero que est\u00e9 disponible. Gracias al apoyo de los voluntarios, los costos tambi\u00e9n se mantienen bajos.<\/p>\n<p>Los ingresos se generan a trav\u00e9s de entradas, donaciones y subsidios. Tambi\u00e9n intentaremos estimular a los patrocinadores para que impulsen y brinden un sost\u00e9n financiero para la meta de la fundaci\u00f3n.<\/p>\n<p><span id=\"result_box\" class=\"\" lang=\"es\"><strong>Gastos de reembolso<\/strong><\/span><\/p>\n<p><span class=\"\">Los directores o miembros de la Fundaci\u00f3n solo reciben compensaci\u00f3n por los gastos incurridos.<\/span> <span class=\"\">Los costos incurridos son costos que los miembros de la junta tienen razonablemente debido a su posici\u00f3n en la Fundaci\u00f3n.<\/span><\/p>\n<p><span id=\"result_box\" class=\"\" lang=\"es\"><strong>Apoyo financiero:<\/strong><\/span><\/p>\n<p><span class=\"VIiyi\" lang=\"es\"><span class=\"JLqJ4b ChMk0b\" data-language-for-alternatives=\"es\" data-language-to-translate-into=\"nl\" data-phrase-index=\"5\">La Fundaci\u00f3n ConcertoValiante Barok tiene el estatus de ANBI cultural.<\/span> <span class=\"JLqJ4b ChMk0b\" data-language-for-alternatives=\"es\" data-language-to-translate-into=\"nl\" data-phrase-index=\"6\">(Para obtener m\u00e1s informaci\u00f3n, consulte el sitio web de las autoridades fiscales: https:\/\/anbi.nl\/).<\/span> <span class=\"JLqJ4b ChMk0b\" data-language-for-alternatives=\"es\" data-language-to-translate-into=\"nl\" data-phrase-index=\"8\">Esto significa que las donaciones financieras proporcionan un beneficio fiscal para el donante en relaci\u00f3n con la deducci\u00f3n de donaciones.<\/span> <span class=\"JLqJ4b ChMk0b\" data-language-for-alternatives=\"es\" data-language-to-translate-into=\"nl\" data-phrase-index=\"9\">Las donaciones y obsequios se pueden transferir al n\u00famero de cuenta NL83INGB0008649859 a nombre de Stichting ConcertoValiante Barok.<\/span> <span class=\"JLqJ4b ChMk0b\" data-language-for-alternatives=\"es\" data-language-to-translate-into=\"nl\" data-phrase-index=\"10\">Con tu donaci\u00f3n ayudas al sector cultural, en el que estudiantes y egresados \u200b\u200bde conservatorios colaboran estrechamente, a elevar el list\u00f3n, desarrollar talentos y fortalecer la cooperaci\u00f3n.<\/span><\/span><\/p>\n<p><strong>Para finalizar<\/strong><\/p>\n<p><span class=\"HwtZe\" lang=\"es\"><span class=\"jCAhz ChMk0b\"><span class=\"ryNqvb\">Fundadores, miembros de la junta directiva, m\u00fasicos, voluntarios, todos los involucrados en la Fundaci\u00f3n Barroca ConcertoValiante, quieren asegurarse de que con su pasi\u00f3n y compromiso cada concierto sea una experiencia musical.<\/span><\/span> <span class=\"jCAhz ChMk0b\"><span class=\"ryNqvb\">Esperan que nazca algo nuevo con su viaje de descubrimiento en el campo de la m\u00fasica barroca.<\/span><\/span> <span class=\"jCAhz ChMk0b\"><span class=\"ryNqvb\">Perlas de anta\u00f1o interpretadas por j\u00f3venes m\u00fasicos dan esperanza para el futuro, porque esta m\u00fasica todav\u00eda evoca emociones tal y como era concebida en aquella \u00e9poca.<\/span><\/span><\/span><\/p>\n<p style=\"text-align: center;\"><strong><span class=\"VIiyi\" lang=\"es\"><span class=\"JLqJ4b ChMk0b\" data-language-for-alternatives=\"es\" data-language-to-translate-into=\"nl\" data-phrase-index=\"12\">LA M\u00daSICA CONECTA, CURA, SE MUEVE, HACE FELIZ<\/span><\/span><\/strong><\/p>\n<p><a href=\"https:\/\/anbi.nl\/\">https:\/\/anbi.nl\/<\/a><\/p>\n","protected":false},"excerpt":{"rendered":"<p>Leonardo Valiante &#8211; klavecinist \u2013 pianist Docent \u2013 musicus \u2013\u00a0coros de supervisor activo en la m\u00fasica de c\u00e1mara y \u00f3pera barroca\u00a0 \u00a0 \u00a0 \u00a0 \u00a0 \u00a0 \u00a0 \u00a0 \u00a0 \u00a0 \u00a0 \u00a0 tel.: 06-21564801 e-mail: concertovaliante@ziggo.nl Para\u00a0pedir las entradas:\u00a0\u00a0 concertovaliante@ziggo.nl y 06-23867050\u00a0La tarifa de entrada por concierto se puede transferir a la cuenta no. NL83INGB0008649859 a nombre de la Fundaci\u00f3n ConcertoValiante Barok Nelly Straatjes coordinadora tel.: 06-23867050 e-mail: concertovaliante@ziggo.nl Organizaci\u00f3n y miembros: La Fundaci\u00f3n ConcertoValiante Barok se fund\u00f3 el 26 de septiembre de 2018 y est\u00e1 registrada en la C\u00e1mara de Comercio con el n\u00famero 72689730 \/ RSIN: 859199162.\u00a0 \u00a0https:\/\/anbi.nl\/ Presidente \/\u00a0Secretaria:\u00a0Petronella Gerarda Maria Straatjes \u2013 van den Bosch,\u00a0wonende te Den Haag Tesorero:\u00a0 \u00a0 \u00a0 \u00a0 \u00a0 \u00a0 \u00a0 \u00a0 \u00a0 \u00a0 \u00a0 \u00a0 \u00a0 \u00a0 \u00a0 Robertus Johannes Gijsbertus Veltman wonende te Den Haag miembros:\u00a0 \u00a0 \u00a0 \u00a0 \u00a0 \u00a0 \u00a0 \u00a0 \u00a0 \u00a0 \u00a0 \u00a0 \u00a0 \u00a0\u00a0Yuichi Sakai Lelieveld, wonende te Den Haag &nbsp; La fundaci\u00f3n fue recientemente establecida. El memorando de asociaci\u00f3n contiene los art\u00edculos de la asociaci\u00f3n, los datos personales de los miembros con sus cargos y la direcci\u00f3n de la fundaci\u00f3n. Se puede contactar con la fundaci\u00f3n a trav\u00e9s de la secretaria Se\u00f1ora Nelly Straatjes, Hoogkarspelstraat 137, 2547LL La Haya. La direcci\u00f3n de correo electr\u00f3nico es\u00a0ronestra@ziggo.nl. Accesibilidad telef\u00f3nica bajo el n\u00famero de tel\u00e9fono 06 23867050. Finanzas La fundaci\u00f3n intenta trabajar con costos m\u00ednimos. La tarifa de cachets para los m\u00fasicos depende del alcance financiero que est\u00e9 disponible. Gracias al apoyo de los voluntarios, los costos tambi\u00e9n se mantienen bajos. Los ingresos se generan a trav\u00e9s de entradas, donaciones y subsidios. Tambi\u00e9n intentaremos estimular a los patrocinadores para que impulsen y brinden un sost\u00e9n financiero para la meta de la fundaci\u00f3n. Gastos de reembolso Los directores o miembros de la Fundaci\u00f3n solo reciben compensaci\u00f3n por los&#8230;<\/p>\n","protected":false},"author":1,"featured_media":0,"parent":0,"menu_order":0,"comment_status":"closed","ping_status":"closed","template":"","meta":{"footnotes":""},"class_list":["post-80","page","type-page","status-publish","hentry"],"_links":{"self":[{"href":"https:\/\/www.concertovaliante.com\/index.php?rest_route=\/wp\/v2\/pages\/80","targetHints":{"allow":["GET"]}}],"collection":[{"href":"https:\/\/www.concertovaliante.com\/index.php?rest_route=\/wp\/v2\/pages"}],"about":[{"href":"https:\/\/www.concertovaliante.com\/index.php?rest_route=\/wp\/v2\/types\/page"}],"author":[{"embeddable":true,"href":"https:\/\/www.concertovaliante.com\/index.php?rest_route=\/wp\/v2\/users\/1"}],"replies":[{"embeddable":true,"href":"https:\/\/www.concertovaliante.com\/index.php?rest_route=%2Fwp%2Fv2%2Fcomments&post=80"}],"version-history":[{"count":19,"href":"https:\/\/www.concertovaliante.com\/index.php?rest_route=\/wp\/v2\/pages\/80\/revisions"}],"predecessor-version":[{"id":1514,"href":"https:\/\/www.concertovaliante.com\/index.php?rest_route=\/wp\/v2\/pages\/80\/revisions\/1514"}],"wp:attachment":[{"href":"https:\/\/www.concertovaliante.com\/index.php?rest_route=%2Fwp%2Fv2%2Fmedia&parent=80"}],"curies":[{"name":"wp","href":"https:\/\/api.w.org\/{rel}","templated":true}]}}